{"id":252,"date":"2019-01-04T00:33:52","date_gmt":"2019-01-04T00:33:52","guid":{"rendered":"http:\/\/ssbaltimore.org\/bookstore\/product\/import-placeholder-for-21\/"},"modified":"2020-07-29T21:29:06","modified_gmt":"2020-07-29T21:29:06","slug":"divaldo-franco-humanitarian-and-spiritist-medium-dvd","status":"publish","type":"product","link":"https:\/\/ssbaltimore.org\/bookstore\/product\/divaldo-franco-humanitarian-and-spiritist-medium-dvd\/","title":{"rendered":"Divaldo Franco: Humanitarian and Spiritist Medium &#8211; DVD"},"content":{"rendered":"<p>IN PORTUGUESE (with English subtitle) A Vers\u00e1til V\u00eddeo Spirite apresenta Divaldo Franco \u2013 Humanista e M\u00e9dium Esp\u00edrita, document\u00e1rio de longa-metragem em caixa especial com 2 DVDs, que traz tamb\u00e9m mais de tr\u00eas horas de v\u00eddeos extras e legendas em quatro idiomas: ingl\u00eas, franc\u00eas, espanhol e portugu\u00eas. Com dire\u00e7\u00e3o do pesquisador Oceano Vieira de Melo e narra\u00e7\u00e3o do ator Ednei Giovenazzi, a produ\u00e7\u00e3o foi filmada em grandes cidades do mundo, como Nova York, Paris, Lyon, S\u00e3o Paulo, Viena entre outras. Conhe\u00e7a a trajet\u00f3ria de vida do grande humanista do nosso tempo e um dos maiores m\u00e9diuns e palestrantes do s\u00e9culo XX, incluindo o surgimento de sua mediunidade, sua primeira palestra nos anos 40, a fam\u00edlia, o amigo Nilson de Souza Pereira, a Mans\u00e3o do Caminho, a Benfeitora Espiritual Joanna de \u00c2ngelis, os primeiros filhos adotados, as viagens ao Brasil e exterior para proferir palestras e divulgar seus livros para angariar fundos para as obras sociais, as condecora\u00e7\u00f5es recebidas como Doutor em Humanidades e os diplomas de cidad\u00e3o em mais de 100 cidades brasileiras e estrangeiras.<\/p>\n","protected":false},"excerpt":{"rendered":"<p>IN PORTUGUESE (with English subtitle). The 2 DVDs set covers the life of the spiritist medium Divaldo Franco in major cities of the world, such as New York, Paris, Lyon, Sao Paulo, Vienna and others. You will get to know the trajectory life\u00a0 of the great humanist of our time and one of the greatest mediums and lecturers of the twentieth century, including the emergence of his mediumship, etc.<\/p>\n","protected":false},"featured_media":298,"comment_status":"open","ping_status":"closed","template":"","meta":{"om_disable_all_campaigns":false,"_exactmetrics_skip_tracking":false,"_exactmetrics_sitenote_active":false,"_exactmetrics_sitenote_note":"","_exactmetrics_sitenote_category":0,"_monsterinsights_skip_tracking":false,"_monsterinsights_sitenote_active":false,"_monsterinsights_sitenote_note":"","_monsterinsights_sitenote_category":0},"product_brand":[],"product_cat":[23,35,36],"product_tag":[],"class_list":{"0":"post-252","1":"product","2":"type-product","3":"status-publish","4":"has-post-thumbnail","6":"product_cat-dvd","7":"product_cat-english","8":"product_cat-portuguese","10":"first","11":"instock","12":"shipping-taxable","13":"purchasable","14":"product-type-simple"},"_links":{"self":[{"href":"https:\/\/ssbaltimore.org\/bookstore\/wp-json\/wp\/v2\/product\/252","targetHints":{"allow":["GET"]}}],"collection":[{"href":"https:\/\/ssbaltimore.org\/bookstore\/wp-json\/wp\/v2\/product"}],"about":[{"href":"https:\/\/ssbaltimore.org\/bookstore\/wp-json\/wp\/v2\/types\/product"}],"replies":[{"embeddable":true,"href":"https:\/\/ssbaltimore.org\/bookstore\/wp-json\/wp\/v2\/comments?post=252"}],"wp:featuredmedia":[{"embeddable":true,"href":"https:\/\/ssbaltimore.org\/bookstore\/wp-json\/wp\/v2\/media\/298"}],"wp:attachment":[{"href":"https:\/\/ssbaltimore.org\/bookstore\/wp-json\/wp\/v2\/media?parent=252"}],"wp:term":[{"taxonomy":"product_brand","embeddable":true,"href":"https:\/\/ssbaltimore.org\/bookstore\/wp-json\/wp\/v2\/product_brand?post=252"},{"taxonomy":"product_cat","embeddable":true,"href":"https:\/\/ssbaltimore.org\/bookstore\/wp-json\/wp\/v2\/product_cat?post=252"},{"taxonomy":"product_tag","embeddable":true,"href":"https:\/\/ssbaltimore.org\/bookstore\/wp-json\/wp\/v2\/product_tag?post=252"}],"curies":[{"name":"wp","href":"https:\/\/api.w.org\/{rel}","templated":true}]}}