{"id":317,"date":"2019-01-04T00:30:46","date_gmt":"2019-01-04T00:30:46","guid":{"rendered":"http:\/\/ssbaltimore.org\/bookstore\/product\/import-placeholder-for-50\/"},"modified":"2019-01-12T02:46:37","modified_gmt":"2019-01-12T02:46:37","slug":"visualizacao-terapeutica-saude","status":"publish","type":"product","link":"https:\/\/ssbaltimore.org\/bookstore\/product\/visualizacao-terapeutica-saude\/","title":{"rendered":"Visualizacao Terapeutica &#8211; Saude"},"content":{"rendered":"<p>[in Portuguese] Dividido em duas partes, na primeira oferece preciosas an\u00e1lises sobre os conflitos existenciais, frutos da ansiedade, medo, solid\u00e3o, depress\u00e3o, propondo, com profunda amorosidade, mudan\u00e7as comportamentais salutares por meio do autoencontro. Na segunda, apresenta uma valiosa visualiza\u00e7\u00e3o terap\u00eautica com exerc\u00edcios pr\u00e1ticos, passo a passo, quando vibraremos positivamente despertando para valores essenciais como a sa\u00fade, paz e alegria de viver, colhendo solu\u00e7\u00f5es para os problemas existenciais. Esta t\u00e9cnica far\u00e1 voc\u00ea fruir de paz e bem-estar!<\/p>\n","protected":false},"excerpt":{"rendered":"<p>[in Portuguese] Dividido em duas partes, na primeira oferece preciosas an\u00e1lises sobre os conflitos existenciais, frutos da ansiedade, medo, solid\u00e3o, depress\u00e3o, propondo, com profunda amorosidade, mudan\u00e7as comportamentais salutares por meio do autoencontro&#8230;<\/p>\n","protected":false},"featured_media":335,"comment_status":"open","ping_status":"closed","template":"","meta":{"om_disable_all_campaigns":false,"_exactmetrics_skip_tracking":false,"_exactmetrics_sitenote_active":false,"_exactmetrics_sitenote_note":"","_exactmetrics_sitenote_category":0,"_monsterinsights_skip_tracking":false,"_monsterinsights_sitenote_active":false,"_monsterinsights_sitenote_note":"","_monsterinsights_sitenote_category":0},"product_brand":[],"product_cat":[22],"product_tag":[],"class_list":{"0":"post-317","1":"product","2":"type-product","3":"status-publish","4":"has-post-thumbnail","6":"product_cat-cd","8":"first","9":"instock","10":"shipping-taxable","11":"purchasable","12":"product-type-simple"},"_links":{"self":[{"href":"https:\/\/ssbaltimore.org\/bookstore\/wp-json\/wp\/v2\/product\/317","targetHints":{"allow":["GET"]}}],"collection":[{"href":"https:\/\/ssbaltimore.org\/bookstore\/wp-json\/wp\/v2\/product"}],"about":[{"href":"https:\/\/ssbaltimore.org\/bookstore\/wp-json\/wp\/v2\/types\/product"}],"replies":[{"embeddable":true,"href":"https:\/\/ssbaltimore.org\/bookstore\/wp-json\/wp\/v2\/comments?post=317"}],"wp:featuredmedia":[{"embeddable":true,"href":"https:\/\/ssbaltimore.org\/bookstore\/wp-json\/wp\/v2\/media\/335"}],"wp:attachment":[{"href":"https:\/\/ssbaltimore.org\/bookstore\/wp-json\/wp\/v2\/media?parent=317"}],"wp:term":[{"taxonomy":"product_brand","embeddable":true,"href":"https:\/\/ssbaltimore.org\/bookstore\/wp-json\/wp\/v2\/product_brand?post=317"},{"taxonomy":"product_cat","embeddable":true,"href":"https:\/\/ssbaltimore.org\/bookstore\/wp-json\/wp\/v2\/product_cat?post=317"},{"taxonomy":"product_tag","embeddable":true,"href":"https:\/\/ssbaltimore.org\/bookstore\/wp-json\/wp\/v2\/product_tag?post=317"}],"curies":[{"name":"wp","href":"https:\/\/api.w.org\/{rel}","templated":true}]}}