{"id":715,"date":"2019-01-08T00:36:13","date_gmt":"2019-01-08T00:36:13","guid":{"rendered":"http:\/\/ssbaltimore.org\/bookstore\/?post_type=product&#038;p=715"},"modified":"2019-01-11T23:44:54","modified_gmt":"2019-01-11T23:44:54","slug":"um-homem-no-mundo","status":"publish","type":"product","link":"https:\/\/ssbaltimore.org\/bookstore\/product\/um-homem-no-mundo\/","title":{"rendered":"Um Homem no Mundo"},"content":{"rendered":"<p>Cezar Said, jovem escritor e orador esp\u00edrita do Rio de Janeiro, valeu-se do transcurso dos 40 anos de orat\u00f3ria de Raul Teixeira para garimpar curiosos, instrutivos e intrigantes fatos decorrentes da sua intimidade com o Mundo dos Esp\u00edritos e de sua conviv\u00eancia com o Movimento Esp\u00edrita no Brasil e pelo mundo afora. Vis\u00f5es medi\u00fanicas, mistifica\u00e7\u00f5es de desencarnados, agress\u00f5es espirituais e presta\u00e7\u00e3o de socorro durante desdobramento, s\u00e3o alguns dos registros deste bem-chegado livro, pois que j\u00e1 fazia falta, principalmente, aos que acompanham ao longo dessas d\u00e9cadas o caminho de lutas e de b\u00ean\u00e7\u00e3os elegido pelo orador niteroiense. Apresenta-nos um relato de Divaldo Franco sobre sua amizade com Raul bem como um comovedor testemunho acerca da sua qualidade medi\u00fanica. Cezar Said nos permite com seu trabalho conhecer um pouco mais sobre diversos momentos e aspectos da lida s\u00f3cio-espiritual desse incans\u00e1vel trabalhador da Seara Esp\u00edrita fluminense que \u00e9 Raul Teixeira.<\/p>\n","protected":false},"excerpt":{"rendered":"<p>[in Portuguese] Cezar Said, jovem escritor e orador esp\u00edrita do Rio de Janeiro, valeu-se do transcurso dos 40 anos de orat\u00f3ria de Raul Teixeira para garimpar curiosos, instrutivos e intrigantes fatos decorrentes da sua intimidade com o Mundo dos Esp\u00edritos e de sua conviv\u00eancia com o Movimento Esp\u00edrita no Brasil e pelo mundo afora.<\/p>\n","protected":false},"featured_media":716,"comment_status":"open","ping_status":"closed","template":"","meta":{"om_disable_all_campaigns":false,"_exactmetrics_skip_tracking":false,"_exactmetrics_sitenote_active":false,"_exactmetrics_sitenote_note":"","_exactmetrics_sitenote_category":0,"_monsterinsights_skip_tracking":false,"_monsterinsights_sitenote_active":false,"_monsterinsights_sitenote_note":"","_monsterinsights_sitenote_category":0},"product_brand":[],"product_cat":[21,36],"product_tag":[],"class_list":{"0":"post-715","1":"product","2":"type-product","3":"status-publish","4":"has-post-thumbnail","6":"product_cat-book","7":"product_cat-portuguese","9":"first","10":"instock","11":"sale","12":"shipping-taxable","13":"purchasable","14":"product-type-simple"},"_links":{"self":[{"href":"https:\/\/ssbaltimore.org\/bookstore\/wp-json\/wp\/v2\/product\/715","targetHints":{"allow":["GET"]}}],"collection":[{"href":"https:\/\/ssbaltimore.org\/bookstore\/wp-json\/wp\/v2\/product"}],"about":[{"href":"https:\/\/ssbaltimore.org\/bookstore\/wp-json\/wp\/v2\/types\/product"}],"replies":[{"embeddable":true,"href":"https:\/\/ssbaltimore.org\/bookstore\/wp-json\/wp\/v2\/comments?post=715"}],"wp:featuredmedia":[{"embeddable":true,"href":"https:\/\/ssbaltimore.org\/bookstore\/wp-json\/wp\/v2\/media\/716"}],"wp:attachment":[{"href":"https:\/\/ssbaltimore.org\/bookstore\/wp-json\/wp\/v2\/media?parent=715"}],"wp:term":[{"taxonomy":"product_brand","embeddable":true,"href":"https:\/\/ssbaltimore.org\/bookstore\/wp-json\/wp\/v2\/product_brand?post=715"},{"taxonomy":"product_cat","embeddable":true,"href":"https:\/\/ssbaltimore.org\/bookstore\/wp-json\/wp\/v2\/product_cat?post=715"},{"taxonomy":"product_tag","embeddable":true,"href":"https:\/\/ssbaltimore.org\/bookstore\/wp-json\/wp\/v2\/product_tag?post=715"}],"curies":[{"name":"wp","href":"https:\/\/api.w.org\/{rel}","templated":true}]}}